{"id":8333,"date":"2025-12-09T09:10:58","date_gmt":"2025-12-09T09:10:58","guid":{"rendered":"https:\/\/dev.rafsol.eu\/oferta\/tluszcze-do-mleczarstwa\/"},"modified":"2026-01-29T20:27:53","modified_gmt":"2026-01-29T20:27:53","slug":"dairy-fats","status":"publish","type":"page","link":"https:\/\/dev.rafsol.eu\/en\/offer\/dairy-fats\/","title":{"rendered":"Dairy fats"},"content":{"rendered":"\t\t<div data-elementor-type=\"wp-page\" data-elementor-id=\"8333\" class=\"elementor elementor-8333 elementor-7246\">\n\t\t\t\t<div class=\"elementor-element elementor-element-3ee2855 e-flex e-con-boxed e-con e-parent\" data-id=\"3ee2855\" data-element_type=\"container\">\n\t\t\t\t\t<div class=\"e-con-inner\">\n\t\t<div class=\"elementor-element elementor-element-9c5d61c e-con-full e-grid e-con e-child\" data-id=\"9c5d61c\" data-element_type=\"container\">\n\t\t\t\t<div class=\"elementor-element elementor-element-6c2b7f9 acenter elementor-widget elementor-widget-wgl-infobox\" data-id=\"6c2b7f9\" data-element_type=\"widget\" data-widget_type=\"wgl-infobox.default\">\n\t\t\t\t<div class=\"elementor-widget-container\">\n\t\t\t\t\t<div class=\"wgl-infobox_bg_wrapper\"><\/div><div class=\"wgl-infobox\"><a class=\"wgl-infobox__link\" href=\"#tluszcze-do-mleczarstwa\"><\/a><div class=\"wgl-infobox_wrapper\"><div class=\"content_wrapper\"><div class=\"wgl-infobox-title_wrapper\"><h2 class=\"wgl-infobox_title\"><span class=\"wgl-infobox_title-idle\"><span class=\"elementor-repeater-item-c40298d\">T\u0142uszcze dla mleczarstwa do specjalistycznych zastosowa\u0144<\/span><\/span><\/h2><\/div><\/div><\/div><\/div>\t\t\t\t<\/div>\n\t\t\t\t<\/div>\n\t\t\t\t<div class=\"elementor-element elementor-element-ce9cd78 acenter elementor-widget elementor-widget-wgl-infobox\" data-id=\"ce9cd78\" data-element_type=\"widget\" data-widget_type=\"wgl-infobox.default\">\n\t\t\t\t<div class=\"elementor-widget-container\">\n\t\t\t\t\t<div class=\"wgl-infobox_bg_wrapper\"><\/div><div class=\"wgl-infobox\"><a class=\"wgl-infobox__link\" href=\"#marki-wlasne\"><\/a><div class=\"wgl-infobox_wrapper\"><div class=\"content_wrapper\"><div class=\"wgl-infobox-title_wrapper\"><h2 class=\"wgl-infobox_title\"><span class=\"wgl-infobox_title-idle\"><span class=\"elementor-repeater-item-c40298d\">Private labels<\/span><\/span><\/h2><\/div><\/div><\/div><\/div>\t\t\t\t<\/div>\n\t\t\t\t<\/div>\n\t\t\t\t<\/div>\n\t\t<div class=\"elementor-element elementor-element-5e44c6d e-con-full e-flex e-con e-child\" data-id=\"5e44c6d\" data-element_type=\"container\">\n\t\t\t\t<div class=\"elementor-element elementor-element-9126d60 elementor-widget elementor-widget-spacer\" data-id=\"9126d60\" data-element_type=\"widget\" id=\"tluszcze-do-mleczarstwa\" data-widget_type=\"spacer.default\">\n\t\t\t\t\t\t\t<div class=\"elementor-spacer\">\n\t\t\t<div class=\"elementor-spacer-inner\"><\/div>\n\t\t<\/div>\n\t\t\t\t\t\t<\/div>\n\t\t\t\t<\/div>\n\t\t\t\t\t<\/div>\n\t\t\t\t<\/div>\n\t\t<div class=\"elementor-element elementor-element-7a4814f e-flex e-con-boxed e-con e-parent\" data-id=\"7a4814f\" data-element_type=\"container\" data-settings=\"{&quot;background_background&quot;:&quot;classic&quot;}\">\n\t\t\t\t\t<div class=\"e-con-inner\">\n\t\t\t\t<div class=\"elementor-element elementor-element-40b38b5 elementor-widget elementor-widget-spacer\" data-id=\"40b38b5\" data-element_type=\"widget\" data-widget_type=\"spacer.default\">\n\t\t\t\t\t\t\t<div class=\"elementor-spacer\">\n\t\t\t<div class=\"elementor-spacer-inner\"><\/div>\n\t\t<\/div>\n\t\t\t\t\t\t<\/div>\n\t\t<div class=\"elementor-element elementor-element-5eb4a8c e-con-full e-flex e-con e-child\" data-id=\"5eb4a8c\" data-element_type=\"container\">\n\t\t\t\t<div class=\"elementor-element elementor-element-ecf0f7e elementor-widget__width-initial aleft elementor-invisible elementor-widget elementor-widget-wgl-double-heading\" data-id=\"ecf0f7e\" data-element_type=\"widget\" data-settings=\"{&quot;_animation&quot;:&quot;wgl_fade_up&quot;,&quot;_animation_delay&quot;:50}\" data-widget_type=\"wgl-double-heading.default\">\n\t\t\t\t<div class=\"elementor-widget-container\">\n\t\t\t\t\t<div class=\"wgl-double-heading\"><div class=\"dblh__subtitle\">T\u0142uszcze dla mleczarstwa<\/div><h2 class=\"dblh__title-wrapper\"><span class=\"dblh__title dblh__title-1\"><span>T\u0142uszcze dla mleczarstwa do specjalistycznych zastosowa\u0144<\/span><\/span><\/h2><\/div>\t\t\t\t<\/div>\n\t\t\t\t<\/div>\n\t\t\t\t<\/div>\n\t\t\t\t<div class=\"elementor-element elementor-element-e9ffe4b aleft elementor-widget elementor-widget-wgl-double-heading\" data-id=\"e9ffe4b\" data-element_type=\"widget\" data-widget_type=\"wgl-double-heading.default\">\n\t\t\t\t<div class=\"elementor-widget-container\">\n\t\t\t\t\t<div class=\"wgl-double-heading\"><div class=\"dblh__content\"><p class=\"p1\">T\u0142uszcze dla mleczarstwa to kategoria produkt\u00f3w stworzona z my\u015bl\u0105 o sprostaniu jednemu z najwi\u0119kszych wyzwa\u0144 bran\u017cy \u2013 skutecznemu zast\u0105pieniu t\u0142uszczu mlecznego t\u0142uszczem ro\u015blinnym bez kompromis\u00f3w w jako\u015bci, smaku i funkcjonalno\u015bci. Nasze rozwi\u0105zania s\u0105 precyzyjnie dopasowane do r\u00f3\u017cnych zastosowa\u0144, takich jak sery, proszki mleczne czy wyroby fermentowane, zapewniaj\u0105c stabilno\u015b\u0107 technologiczn\u0105 oraz powtarzalne parametry. Oferujemy t\u0142uszcze ekonomiczne, oparte na zr\u00f3wnowa\u017conych i bezpiecznych surowcach, kt\u00f3re wspieraj\u0105 zar\u00f3wno efektywno\u015b\u0107 produkcji, jak i odpowiedzialny rozw\u00f3j.<\/p>\n<\/div><\/div>\t\t\t\t<\/div>\n\t\t\t\t<\/div>\n\t\t\t\t<div class=\"elementor-element elementor-element-a08aef4 elementor-widget elementor-widget-spacer\" data-id=\"a08aef4\" data-element_type=\"widget\" data-widget_type=\"spacer.default\">\n\t\t\t\t\t\t\t<div class=\"elementor-spacer\">\n\t\t\t<div class=\"elementor-spacer-inner\"><\/div>\n\t\t<\/div>\n\t\t\t\t\t\t<\/div>\n\t\t<div class=\"elementor-element elementor-element-5efbb3c e-con-full e-grid e-con e-child\" data-id=\"5efbb3c\" data-element_type=\"container\">\n\t\t<div class=\"elementor-element elementor-element-ed5df0b e-con-full e-flex e-con e-child\" data-id=\"ed5df0b\" data-element_type=\"container\">\n\t\t\t\t<div class=\"elementor-element elementor-element-49bc570 aleft elementor-widget elementor-widget-wgl-double-heading\" data-id=\"49bc570\" data-element_type=\"widget\" data-widget_type=\"wgl-double-heading.default\">\n\t\t\t\t<div class=\"elementor-widget-container\">\n\t\t\t\t\t<div class=\"wgl-double-heading\"><h3 class=\"dblh__title-wrapper\"><span class=\"dblh__title dblh__title-1\"><span>Dairy fat EPL<\/span><\/span><\/h3><\/div>\t\t\t\t<\/div>\n\t\t\t\t<\/div>\n\t\t\t\t<div class=\"elementor-element elementor-element-1174d6f aleft elementor-widget elementor-widget-wgl-button\" data-id=\"1174d6f\" data-element_type=\"widget\" data-widget_type=\"wgl-button.default\">\n\t\t\t\t<div class=\"elementor-widget-container\">\n\t\t\t\t\t<a class=\"wgl-button  \" href=\"https:\/\/dev.rafsol.eu\/en\/quote-request\/\" role=\"button\"><div class=\"button__content\"><span class=\"button__text\">Get Quote<\/span><\/div><\/a>\t\t\t\t<\/div>\n\t\t\t\t<\/div>\n\t\t\t\t<\/div>\n\t\t\t\t<div class=\"elementor-element elementor-element-740f2db elementor-widget elementor-widget-text-editor\" data-id=\"740f2db\" data-element_type=\"widget\" data-widget_type=\"text-editor.default\">\n\t\t\t\t\t\t\t\t\t<p class=\"p1\"><strong>Packaging<br \/><\/strong>\u2022 Karton wy\u0142o\u017cony workiem HDPE, 20 kg, paleta 900 kg<br \/>\u2022 Dostawy ca\u0142ocysternowe<\/p>\n\t\t\t\t\t\t\t\t<\/div>\n\t\t\t\t<div class=\"elementor-element elementor-element-9dcaab1 elementor-widget elementor-widget-text-editor\" data-id=\"9dcaab1\" data-element_type=\"widget\" data-widget_type=\"text-editor.default\">\n\t\t\t\t\t\t\t\t\t<p class=\"p1\"><strong>Application<br \/><\/strong>\u2022<span class=\"Apple-tab-span\"> analogi sera topoionego, mozzarelli, fety<\/span><\/p>\n\t\t\t\t\t\t\t\t<\/div>\n\t\t\t\t<\/div>\n\t\t<div class=\"elementor-element elementor-element-3a131a2 e-con-full e-grid e-con e-child\" data-id=\"3a131a2\" data-element_type=\"container\">\n\t\t<div class=\"elementor-element elementor-element-fe7d43f e-con-full e-flex e-con e-child\" data-id=\"fe7d43f\" data-element_type=\"container\">\n\t\t\t\t<div class=\"elementor-element elementor-element-ca1bacb aleft elementor-widget elementor-widget-wgl-double-heading\" data-id=\"ca1bacb\" data-element_type=\"widget\" data-widget_type=\"wgl-double-heading.default\">\n\t\t\t\t<div class=\"elementor-widget-container\">\n\t\t\t\t\t<div class=\"wgl-double-heading\"><h3 class=\"dblh__title-wrapper\"><span class=\"dblh__title dblh__title-1\"><span>Dairy fat LDS<\/span><\/span><\/h3><\/div>\t\t\t\t<\/div>\n\t\t\t\t<\/div>\n\t\t\t\t<div class=\"elementor-element elementor-element-71db7fd aleft elementor-widget elementor-widget-wgl-button\" data-id=\"71db7fd\" data-element_type=\"widget\" data-widget_type=\"wgl-button.default\">\n\t\t\t\t<div class=\"elementor-widget-container\">\n\t\t\t\t\t<a class=\"wgl-button  \" href=\"https:\/\/dev.rafsol.eu\/en\/quote-request\/\" role=\"button\"><div class=\"button__content\"><span class=\"button__text\">Get Quote<\/span><\/div><\/a>\t\t\t\t<\/div>\n\t\t\t\t<\/div>\n\t\t\t\t<\/div>\n\t\t\t\t<div class=\"elementor-element elementor-element-c43c51a elementor-widget elementor-widget-text-editor\" data-id=\"c43c51a\" data-element_type=\"widget\" data-widget_type=\"text-editor.default\">\n\t\t\t\t\t\t\t\t\t<p class=\"p1\"><strong>Packaging<br \/><\/strong>\u2022 Karton wy\u0142o\u017cony workiem HDPE, 20 kg, paleta 900 kg<br \/>\u2022 Dostawy ca\u0142ocysternowe<\/p>\n\t\t\t\t\t\t\t\t<\/div>\n\t\t\t\t<div class=\"elementor-element elementor-element-55f08f4 elementor-widget elementor-widget-text-editor\" data-id=\"55f08f4\" data-element_type=\"widget\" data-widget_type=\"text-editor.default\">\n\t\t\t\t\t\t\t\t\t<p class=\"p1\"><strong>Application<br \/><\/strong>\u2022<span class=\"Apple-tab-span\"> analogi \u015bmietany<\/span><\/p>\n\t\t\t\t\t\t\t\t<\/div>\n\t\t\t\t<\/div>\n\t\t<div class=\"elementor-element elementor-element-e30e0ba e-con-full e-grid e-con e-child\" data-id=\"e30e0ba\" data-element_type=\"container\">\n\t\t<div class=\"elementor-element elementor-element-2aa9135 e-con-full e-flex e-con e-child\" data-id=\"2aa9135\" data-element_type=\"container\">\n\t\t\t\t<div class=\"elementor-element elementor-element-50aa21e aleft elementor-widget elementor-widget-wgl-double-heading\" data-id=\"50aa21e\" data-element_type=\"widget\" data-widget_type=\"wgl-double-heading.default\">\n\t\t\t\t<div class=\"elementor-widget-container\">\n\t\t\t\t\t<div class=\"wgl-double-heading\"><h3 class=\"dblh__title-wrapper\"><span class=\"dblh__title dblh__title-1\"><span>Dairy fat M<\/span><\/span><\/h3><\/div>\t\t\t\t<\/div>\n\t\t\t\t<\/div>\n\t\t\t\t<div class=\"elementor-element elementor-element-f4ca0fd aleft elementor-widget elementor-widget-wgl-button\" data-id=\"f4ca0fd\" data-element_type=\"widget\" data-widget_type=\"wgl-button.default\">\n\t\t\t\t<div class=\"elementor-widget-container\">\n\t\t\t\t\t<a class=\"wgl-button  \" href=\"https:\/\/dev.rafsol.eu\/en\/quote-request\/\" role=\"button\"><div class=\"button__content\"><span class=\"button__text\">Get Quote<\/span><\/div><\/a>\t\t\t\t<\/div>\n\t\t\t\t<\/div>\n\t\t\t\t<\/div>\n\t\t\t\t<div class=\"elementor-element elementor-element-5ba4335 elementor-widget elementor-widget-text-editor\" data-id=\"5ba4335\" data-element_type=\"widget\" data-widget_type=\"text-editor.default\">\n\t\t\t\t\t\t\t\t\t<p class=\"p1\"><strong>Packaging<br \/><\/strong>\u2022 Karton wy\u0142o\u017cony workiem HDPE, 20 kg, paleta 900 kg<br \/>\u2022 Dostawy ca\u0142ocysternowe<\/p>\n\t\t\t\t\t\t\t\t<\/div>\n\t\t\t\t<div class=\"elementor-element elementor-element-4af8c1f elementor-widget elementor-widget-text-editor\" data-id=\"4af8c1f\" data-element_type=\"widget\" data-widget_type=\"text-editor.default\">\n\t\t\t\t\t\t\t\t\t<p class=\"p1\"><strong>Application<br \/><\/strong>\u2022<span class=\"Apple-tab-span\"> mixy ma\u015blane<\/span><\/p>\n\t\t\t\t\t\t\t\t<\/div>\n\t\t\t\t<\/div>\n\t\t<div class=\"elementor-element elementor-element-d2d68db e-con-full e-grid e-con e-child\" data-id=\"d2d68db\" data-element_type=\"container\">\n\t\t<div class=\"elementor-element elementor-element-1d42577 e-con-full e-flex e-con e-child\" data-id=\"1d42577\" data-element_type=\"container\">\n\t\t\t\t<div class=\"elementor-element elementor-element-0286a05 aleft elementor-widget elementor-widget-wgl-double-heading\" data-id=\"0286a05\" data-element_type=\"widget\" data-widget_type=\"wgl-double-heading.default\">\n\t\t\t\t<div class=\"elementor-widget-container\">\n\t\t\t\t\t<div class=\"wgl-double-heading\"><h3 class=\"dblh__title-wrapper\"><span class=\"dblh__title dblh__title-1\"><span>Dairy fat POB<\/span><\/span><\/h3><\/div>\t\t\t\t<\/div>\n\t\t\t\t<\/div>\n\t\t\t\t<div class=\"elementor-element elementor-element-4563376 aleft elementor-widget elementor-widget-wgl-button\" data-id=\"4563376\" data-element_type=\"widget\" data-widget_type=\"wgl-button.default\">\n\t\t\t\t<div class=\"elementor-widget-container\">\n\t\t\t\t\t<a class=\"wgl-button  \" href=\"https:\/\/dev.rafsol.eu\/en\/quote-request\/\" role=\"button\"><div class=\"button__content\"><span class=\"button__text\">Get Quote<\/span><\/div><\/a>\t\t\t\t<\/div>\n\t\t\t\t<\/div>\n\t\t\t\t<\/div>\n\t\t\t\t<div class=\"elementor-element elementor-element-850b641 elementor-widget elementor-widget-text-editor\" data-id=\"850b641\" data-element_type=\"widget\" data-widget_type=\"text-editor.default\">\n\t\t\t\t\t\t\t\t\t<p class=\"p1\"><strong>Packaging<br \/><\/strong>\u2022 Karton wy\u0142o\u017cony workiem HDPE, 20 kg, paleta 900 kg<br \/>\u2022 Dostawy ca\u0142ocysternowe<\/p>\n\t\t\t\t\t\t\t\t<\/div>\n\t\t\t\t<div class=\"elementor-element elementor-element-f58ddc4 elementor-widget elementor-widget-text-editor\" data-id=\"f58ddc4\" data-element_type=\"widget\" data-widget_type=\"text-editor.default\">\n\t\t\t\t\t\t\t\t\t<p class=\"p1\"><strong>Application<br \/><\/strong>\u2022<span class=\"Apple-tab-span\"> proszki mleczne<\/span><\/p>\n\t\t\t\t\t\t\t\t<\/div>\n\t\t\t\t<\/div>\n\t\t<div class=\"elementor-element elementor-element-c029751 e-con-full e-flex e-con e-child\" data-id=\"c029751\" data-element_type=\"container\">\n\t\t\t\t<div class=\"elementor-element elementor-element-8a21918 elementor-widget elementor-widget-spacer\" data-id=\"8a21918\" data-element_type=\"widget\" data-widget_type=\"spacer.default\">\n\t\t\t\t\t\t\t<div class=\"elementor-spacer\">\n\t\t\t<div class=\"elementor-spacer-inner\"><\/div>\n\t\t<\/div>\n\t\t\t\t\t\t<\/div>\n\t\t\t\t<\/div>\n\t\t<div class=\"elementor-element elementor-element-f10c47a e-con-full e-flex e-con e-child\" data-id=\"f10c47a\" data-element_type=\"container\">\n\t\t<div class=\"elementor-element elementor-element-8b9827e e-con-full e-flex e-con e-child\" data-id=\"8b9827e\" data-element_type=\"container\" data-settings=\"{&quot;background_background&quot;:&quot;classic&quot;}\">\n\t\t<div class=\"elementor-element elementor-element-6620a23 e-con-full e-flex e-con e-child\" data-id=\"6620a23\" data-element_type=\"container\">\n\t\t\t\t<div class=\"elementor-element elementor-element-4423535 elementor-widget__width-initial aleft elementor-invisible elementor-widget elementor-widget-wgl-double-heading\" data-id=\"4423535\" data-element_type=\"widget\" data-settings=\"{&quot;_animation&quot;:&quot;wgl_fade_up&quot;,&quot;_animation_delay&quot;:50}\" data-widget_type=\"wgl-double-heading.default\">\n\t\t\t\t<div class=\"elementor-widget-container\">\n\t\t\t\t\t<div class=\"wgl-double-heading\"><h3 class=\"dblh__title-wrapper\"><span class=\"dblh__title dblh__title-1\"><span>Products also available with certificates<\/span><\/span><\/h3><\/div>\t\t\t\t<\/div>\n\t\t\t\t<\/div>\n\t\t\t\t<\/div>\n\t\t<div class=\"elementor-element elementor-element-d72a4be e-con-full e-flex e-con e-child\" data-id=\"d72a4be\" data-element_type=\"container\">\n\t\t\t\t<div class=\"elementor-element elementor-element-467791a elementor-widget elementor-widget-image\" data-id=\"467791a\" data-element_type=\"widget\" data-widget_type=\"image.default\">\n\t\t\t\t\t\t\t\t\t\t\t\t\t\t\t<img decoding=\"async\" src=\"https:\/\/dev.rafsol.eu\/wp-content\/uploads\/2025\/12\/Certyfikat-RSPO-Rafsol-Group-1.jpg\" title=\"\" alt=\"Certyfikat RSPO Rafsol Group olej palmowy\" loading=\"lazy\" \/>\t\t\t\t\t\t\t\t\t\t\t\t\t\t\t<\/div>\n\t\t\t\t<div class=\"elementor-element elementor-element-9241b40 elementor-widget elementor-widget-image\" data-id=\"9241b40\" data-element_type=\"widget\" data-widget_type=\"image.default\">\n\t\t\t\t\t\t\t\t\t\t\t\t\t\t\t<img decoding=\"async\" src=\"https:\/\/dev.rafsol.eu\/wp-content\/uploads\/2025\/11\/Certyfikat-Kosher-Rafsol-Group.jpg\" title=\"\" alt=\"Certyfikat Kosher Rafsol Group\" loading=\"lazy\" \/>\t\t\t\t\t\t\t\t\t\t\t\t\t\t\t<\/div>\n\t\t\t\t<div class=\"elementor-element elementor-element-1e3d3b9 elementor-widget elementor-widget-image\" data-id=\"1e3d3b9\" data-element_type=\"widget\" data-widget_type=\"image.default\">\n\t\t\t\t\t\t\t\t\t\t\t\t\t\t\t<img decoding=\"async\" src=\"https:\/\/dev.rafsol.eu\/wp-content\/uploads\/2025\/11\/Certyfikat-Halal-Rafsol-Group.jpg\" title=\"\" alt=\"Certyfikat Halal Rafsol Group\" loading=\"lazy\" \/>\t\t\t\t\t\t\t\t\t\t\t\t\t\t\t<\/div>\n\t\t\t\t<div class=\"elementor-element elementor-element-e72b96d elementor-widget elementor-widget-image\" data-id=\"e72b96d\" data-element_type=\"widget\" data-widget_type=\"image.default\">\n\t\t\t\t\t\t\t\t\t\t\t\t\t\t\t<img decoding=\"async\" width=\"120\" height=\"80\" src=\"https:\/\/dev.rafsol.eu\/wp-content\/uploads\/2025\/12\/logo-bio-80h-1.jpg\" class=\"attachment-full size-full wp-image-8334\" alt=\"Certyfikat bio - oleje ro\u015blinne, t\u0142uszcze\" \/>\t\t\t\t\t\t\t\t\t\t\t\t\t\t\t<\/div>\n\t\t\t\t<\/div>\n\t\t\t\t<\/div>\n\t\t<div class=\"elementor-element elementor-element-d23ff45 e-con-full e-flex e-con e-child\" data-id=\"d23ff45\" data-element_type=\"container\">\n\t\t\t\t<div class=\"elementor-element elementor-element-cb25f3f elementor-widget elementor-widget-spacer\" data-id=\"cb25f3f\" data-element_type=\"widget\" data-widget_type=\"spacer.default\">\n\t\t\t\t\t\t\t<div class=\"elementor-spacer\">\n\t\t\t<div class=\"elementor-spacer-inner\"><\/div>\n\t\t<\/div>\n\t\t\t\t\t\t<\/div>\n\t\t\t\t<div class=\"elementor-element elementor-element-21a59e7 elementor-widget__width-initial acenter elementor-invisible elementor-widget elementor-widget-wgl-double-heading\" data-id=\"21a59e7\" data-element_type=\"widget\" data-settings=\"{&quot;_animation&quot;:&quot;wgl_fade_up&quot;,&quot;_animation_delay&quot;:50}\" data-widget_type=\"wgl-double-heading.default\">\n\t\t\t\t<div class=\"elementor-widget-container\">\n\t\t\t\t\t<div class=\"wgl-double-heading\"><h3 class=\"dblh__title-wrapper\"><span class=\"dblh__title dblh__title-1\"><span>Available in packaging<\/span><\/span><\/h3><\/div>\t\t\t\t<\/div>\n\t\t\t\t<\/div>\n\t\t<div class=\"elementor-element elementor-element-935b04f e-grid e-con-full e-con e-child\" data-id=\"935b04f\" data-element_type=\"container\">\n\t\t\t\t<div class=\"elementor-element elementor-element-f65995e acenter elementor-widget-image-box wgl-image-box wgl-view-default elementor-widget elementor-widget-wgl-infobox\" data-id=\"f65995e\" data-element_type=\"widget\" data-widget_type=\"wgl-infobox.default\">\n\t\t\t\t<div class=\"elementor-widget-container\">\n\t\t\t\t\t<div class=\"wgl-infobox_bg_wrapper\"><\/div><div class=\"wgl-infobox\"><div class=\"wgl-infobox_wrapper wgl-layout-top\"><div class=\"wgl-infobox-media_wrapper\"><span class=\"media-wrapper img-wrapper\"><span class=\"wgl-image-box_img\"><span ><img decoding=\"async\" src=\"https:\/\/dev.rafsol.eu\/wp-content\/uploads\/2025\/12\/ikony_kontur_46-96x96.png\" title=\"ikony_kontur_46\" alt=\"ikony_kontur_46\" loading=\"lazy\" \/><\/span><\/span><\/span><\/div><div class=\"content_wrapper\"><div class=\"wgl-infobox-title_wrapper\"><h4 class=\"wgl-infobox_title\"><span class=\"wgl-infobox_title-idle\"><span class=\"elementor-repeater-item-8647f0a\">Karton wy\u0142o\u017cony workiem HDPE, 20 kg<\/span><\/span><\/h4><\/div><div class=\"wgl-infobox-content_wrapper\"><div class=\"wgl-infobox-content\"><p class=\"p1\">Paleta 900 kg<\/p>\n<\/div><\/div><\/div><\/div><\/div>\t\t\t\t<\/div>\n\t\t\t\t<\/div>\n\t\t\t\t<div class=\"elementor-element elementor-element-716f37b acenter elementor-widget-image-box wgl-image-box wgl-view-default elementor-widget elementor-widget-wgl-infobox\" data-id=\"716f37b\" data-element_type=\"widget\" data-widget_type=\"wgl-infobox.default\">\n\t\t\t\t<div class=\"elementor-widget-container\">\n\t\t\t\t\t<div class=\"wgl-infobox_bg_wrapper\"><\/div><div class=\"wgl-infobox\"><div class=\"wgl-infobox_wrapper wgl-layout-top\"><div class=\"wgl-infobox-media_wrapper\"><span class=\"media-wrapper img-wrapper\"><span class=\"wgl-image-box_img\"><span ><img decoding=\"async\" src=\"https:\/\/dev.rafsol.eu\/wp-content\/uploads\/2025\/12\/ikony_kontur_50_square-96x96.png\" title=\"ikony_kontur_50_square\" alt=\"ikony_kontur_50_square\" loading=\"lazy\" \/><\/span><\/span><\/span><\/div><div class=\"content_wrapper\"><div class=\"wgl-infobox-title_wrapper\"><h4 class=\"wgl-infobox_title\"><span class=\"wgl-infobox_title-idle\"><span class=\"elementor-repeater-item-8647f0a\">Dostawy ca\u0142ocysternowe<\/span><\/span><\/h4><\/div><\/div><\/div><\/div>\t\t\t\t<\/div>\n\t\t\t\t<\/div>\n\t\t\t\t<\/div>\n\t\t\t\t<\/div>\n\t\t\t\t<div class=\"elementor-element elementor-element-b5d851d elementor-widget elementor-widget-spacer\" data-id=\"b5d851d\" data-element_type=\"widget\" id=\"marki-wlasne\" data-widget_type=\"spacer.default\">\n\t\t\t\t\t\t\t<div class=\"elementor-spacer\">\n\t\t\t<div class=\"elementor-spacer-inner\"><\/div>\n\t\t<\/div>\n\t\t\t\t\t\t<\/div>\n\t\t\t\t<\/div>\n\t\t\t\t\t<\/div>\n\t\t\t\t<\/div>\n\t\t<div class=\"elementor-element elementor-element-4497b1f e-flex e-con-boxed e-con e-parent\" data-id=\"4497b1f\" data-element_type=\"container\" data-settings=\"{&quot;background_background&quot;:&quot;classic&quot;}\">\n\t\t\t\t\t<div class=\"e-con-inner\">\n\t\t<div class=\"elementor-element elementor-element-3aada1c e-con-full e-flex e-con e-child\" data-id=\"3aada1c\" data-element_type=\"container\" data-settings=\"{&quot;background_background&quot;:&quot;classic&quot;}\">\n\t\t\t\t<div class=\"elementor-element elementor-element-04eb878 aright elementor-absolute elementor-widget elementor-widget-wgl-button\" data-id=\"04eb878\" data-element_type=\"widget\" data-settings=\"{&quot;_position&quot;:&quot;absolute&quot;}\" data-widget_type=\"wgl-button.default\">\n\t\t\t\t<div class=\"elementor-widget-container\">\n\t\t\t\t\t<a class=\"wgl-button  \" href=\"#\" role=\"button\"><div class=\"button__content\"><span class=\"button__text\">Create a PRIVATE LABEL with Rafsol Group<\/span><\/div><\/a>\t\t\t\t<\/div>\n\t\t\t\t<\/div>\n\t\t\t\t<\/div>\n\t\t<div class=\"elementor-element elementor-element-15d1cd3 e-con-full e-flex e-con e-child\" data-id=\"15d1cd3\" data-element_type=\"container\">\n\t\t<div class=\"elementor-element elementor-element-3428192 e-flex e-con-boxed e-con e-child\" data-id=\"3428192\" data-element_type=\"container\">\n\t\t\t\t\t<div class=\"e-con-inner\">\n\t\t\t\t<div class=\"elementor-element elementor-element-e4a1138 aleft elementor-invisible elementor-widget elementor-widget-wgl-double-heading\" data-id=\"e4a1138\" data-element_type=\"widget\" data-settings=\"{&quot;_animation&quot;:&quot;wgl_fade_up&quot;}\" data-widget_type=\"wgl-double-heading.default\">\n\t\t\t\t<div class=\"elementor-widget-container\">\n\t\t\t\t\t<div class=\"wgl-double-heading\"><h2 class=\"dblh__title-wrapper\"><span class=\"dblh__title dblh__title-1\"><span>We create private labels<\/span><\/span><\/h2><div class=\"dblh__content\"><p>We specialize in comprehensive private label creation \u2013 from concept and design, through ingredient and packaging selection, to final production. We handle both small and large orders, adapting every element to the client's needs and expectations.<\/p>\n<blockquote>\n<p>If you are looking for a partner to help you create a unique product under your brand \u2013 we are at your disposal.<\/p>\n<\/blockquote>\n<\/div><\/div>\t\t\t\t<\/div>\n\t\t\t\t<\/div>\n\t\t\t\t\t<\/div>\n\t\t\t\t<\/div>\n\t\t\t\t<\/div>\n\t\t\t\t\t<\/div>\n\t\t\t\t<\/div>\n\t\t\t\t<\/div>\n\t\t","protected":false},"excerpt":{"rendered":"<p>T\u0142uszcze dla mleczarstwa do specjalistycznych zastosowa\u0144 Private labels T\u0142uszcze dla mleczarstwa T\u0142uszcze dla mleczarstwa do specjalistycznych zastosowa\u0144 T\u0142uszcze dla mleczarstwa to kategoria produkt\u00f3w stworzona z my\u015bl\u0105 o sprostaniu jednemu z najwi\u0119kszych wyzwa\u0144 bran\u017cy \u2013 skutecznemu zast\u0105pieniu t\u0142uszczu mlecznego t\u0142uszczem ro\u015blinnym bez kompromis\u00f3w w jako\u015bci, smaku i funkcjonalno\u015bci. Nasze rozwi\u0105zania s\u0105 precyzyjnie dopasowane do r\u00f3\u017cnych zastosowa\u0144, [&hellip;]<\/p>\n","protected":false},"author":1,"featured_media":0,"parent":8311,"menu_order":0,"comment_status":"closed","ping_status":"closed","template":"","meta":{"footnotes":""},"class_list":["post-8333","page","type-page","status-publish","hentry"],"_links":{"self":[{"href":"https:\/\/dev.rafsol.eu\/en\/wp-json\/wp\/v2\/pages\/8333","targetHints":{"allow":["GET"]}}],"collection":[{"href":"https:\/\/dev.rafsol.eu\/en\/wp-json\/wp\/v2\/pages"}],"about":[{"href":"https:\/\/dev.rafsol.eu\/en\/wp-json\/wp\/v2\/types\/page"}],"author":[{"embeddable":true,"href":"https:\/\/dev.rafsol.eu\/en\/wp-json\/wp\/v2\/users\/1"}],"replies":[{"embeddable":true,"href":"https:\/\/dev.rafsol.eu\/en\/wp-json\/wp\/v2\/comments?post=8333"}],"version-history":[{"count":18,"href":"https:\/\/dev.rafsol.eu\/en\/wp-json\/wp\/v2\/pages\/8333\/revisions"}],"predecessor-version":[{"id":8964,"href":"https:\/\/dev.rafsol.eu\/en\/wp-json\/wp\/v2\/pages\/8333\/revisions\/8964"}],"up":[{"embeddable":true,"href":"https:\/\/dev.rafsol.eu\/en\/wp-json\/wp\/v2\/pages\/8311"}],"wp:attachment":[{"href":"https:\/\/dev.rafsol.eu\/en\/wp-json\/wp\/v2\/media?parent=8333"}],"curies":[{"name":"wp","href":"https:\/\/api.w.org\/{rel}","templated":true}]}}