{"id":8337,"date":"2025-12-09T09:11:28","date_gmt":"2025-12-09T09:11:28","guid":{"rendered":"https:\/\/dev.rafsol.eu\/oferta\/tluszcze-do-produkcji-lodow-i-wafli\/"},"modified":"2026-01-29T20:27:50","modified_gmt":"2026-01-29T20:27:50","slug":"ice-cream-and-wafer-fats","status":"publish","type":"page","link":"https:\/\/dev.rafsol.eu\/en\/offer\/ice-cream-and-wafer-fats\/","title":{"rendered":"Ice cream and wafer fats"},"content":{"rendered":"\t\t<div data-elementor-type=\"wp-page\" data-elementor-id=\"8337\" class=\"elementor elementor-8337 elementor-7247\">\n\t\t\t\t<div class=\"elementor-element elementor-element-d8b8090 e-flex e-con-boxed e-con e-parent\" data-id=\"d8b8090\" data-element_type=\"container\">\n\t\t\t\t\t<div class=\"e-con-inner\">\n\t\t<div class=\"elementor-element elementor-element-dbcd26e e-con-full e-grid e-con e-child\" data-id=\"dbcd26e\" data-element_type=\"container\">\n\t\t\t\t<div class=\"elementor-element elementor-element-c0fe2d8 acenter elementor-widget elementor-widget-wgl-infobox\" data-id=\"c0fe2d8\" data-element_type=\"widget\" data-widget_type=\"wgl-infobox.default\">\n\t\t\t\t<div class=\"elementor-widget-container\">\n\t\t\t\t\t<div class=\"wgl-infobox_bg_wrapper\"><\/div><div class=\"wgl-infobox\"><a class=\"wgl-infobox__link\" href=\"#tluszcz-kokosowy\"><\/a><div class=\"wgl-infobox_wrapper\"><div class=\"content_wrapper\"><div class=\"wgl-infobox-title_wrapper\"><h2 class=\"wgl-infobox_title\"><span class=\"wgl-infobox_title-idle\"><span class=\"elementor-repeater-item-c40298d\">T\u0142uszcz kokosowy, z ziaren palmowych i ich mieszanki<\/span><\/span><\/h2><\/div><\/div><\/div><\/div>\t\t\t\t<\/div>\n\t\t\t\t<\/div>\n\t\t\t\t<div class=\"elementor-element elementor-element-4ce166a acenter elementor-widget elementor-widget-wgl-infobox\" data-id=\"4ce166a\" data-element_type=\"widget\" data-widget_type=\"wgl-infobox.default\">\n\t\t\t\t<div class=\"elementor-widget-container\">\n\t\t\t\t\t<div class=\"wgl-infobox_bg_wrapper\"><\/div><div class=\"wgl-infobox\"><a class=\"wgl-infobox__link\" href=\"#marki-wlasne\"><\/a><div class=\"wgl-infobox_wrapper\"><div class=\"content_wrapper\"><div class=\"wgl-infobox-title_wrapper\"><h2 class=\"wgl-infobox_title\"><span class=\"wgl-infobox_title-idle\"><span class=\"elementor-repeater-item-c40298d\">Private labels<\/span><\/span><\/h2><\/div><\/div><\/div><\/div>\t\t\t\t<\/div>\n\t\t\t\t<\/div>\n\t\t\t\t<\/div>\n\t\t<div class=\"elementor-element elementor-element-3c16cf6 e-con-full e-flex e-con e-child\" data-id=\"3c16cf6\" data-element_type=\"container\">\n\t\t\t\t<div class=\"elementor-element elementor-element-2d9d44b elementor-widget elementor-widget-spacer\" data-id=\"2d9d44b\" data-element_type=\"widget\" id=\"tluszcz-kokosowy\" data-widget_type=\"spacer.default\">\n\t\t\t\t\t\t\t<div class=\"elementor-spacer\">\n\t\t\t<div class=\"elementor-spacer-inner\"><\/div>\n\t\t<\/div>\n\t\t\t\t\t\t<\/div>\n\t\t\t\t<\/div>\n\t\t\t\t\t<\/div>\n\t\t\t\t<\/div>\n\t\t<div class=\"elementor-element elementor-element-3661c3d e-flex e-con-boxed e-con e-parent\" data-id=\"3661c3d\" data-element_type=\"container\" data-settings=\"{&quot;background_background&quot;:&quot;classic&quot;}\">\n\t\t\t\t\t<div class=\"e-con-inner\">\n\t\t\t\t<div class=\"elementor-element elementor-element-1d51dbb elementor-widget elementor-widget-spacer\" data-id=\"1d51dbb\" data-element_type=\"widget\" data-widget_type=\"spacer.default\">\n\t\t\t\t\t\t\t<div class=\"elementor-spacer\">\n\t\t\t<div class=\"elementor-spacer-inner\"><\/div>\n\t\t<\/div>\n\t\t\t\t\t\t<\/div>\n\t\t<div class=\"elementor-element elementor-element-d1225bf e-con-full e-flex e-con e-child\" data-id=\"d1225bf\" data-element_type=\"container\">\n\t\t\t\t<div class=\"elementor-element elementor-element-e1a76a5 elementor-widget__width-initial aleft elementor-invisible elementor-widget elementor-widget-wgl-double-heading\" data-id=\"e1a76a5\" data-element_type=\"widget\" data-settings=\"{&quot;_animation&quot;:&quot;wgl_fade_up&quot;,&quot;_animation_delay&quot;:50}\" data-widget_type=\"wgl-double-heading.default\">\n\t\t\t\t<div class=\"elementor-widget-container\">\n\t\t\t\t\t<div class=\"wgl-double-heading\"><div class=\"dblh__subtitle\">T\u0142uszcze do produkcji lod\u00f3w i wafli<\/div><h2 class=\"dblh__title-wrapper\"><span class=\"dblh__title dblh__title-1\"><span>T\u0142uszcz kokosowy, z ziaren palmowych i ich mieszanki<\/span><\/span><\/h2><\/div>\t\t\t\t<\/div>\n\t\t\t\t<\/div>\n\t\t\t\t<\/div>\n\t\t\t\t<div class=\"elementor-element elementor-element-d81babd aleft elementor-widget elementor-widget-wgl-double-heading\" data-id=\"d81babd\" data-element_type=\"widget\" data-widget_type=\"wgl-double-heading.default\">\n\t\t\t\t<div class=\"elementor-widget-container\">\n\t\t\t\t\t<div class=\"wgl-double-heading\"><div class=\"dblh__content\"><p class=\"p1\">T\u0142uszcze do lod\u00f3w i wafelk\u00f3w to gama rozwi\u0105za\u0144 stworzonych z my\u015bl\u0105 o obni\u017ceniu koszt\u00f3w produkcji przy jednoczesnym zachowaniu najwy\u017cszej jako\u015bci organoleptycznej \u2013 odpowiedniej tekstury oraz atrakcyjnego smaku. Oferujemy szeroki wyb\u00f3r surowc\u00f3w, w tym t\u0142uszcz kokosowy, olej z ziaren palmowych oraz specjalistyczne mieszanki t\u0142uszcz\u00f3w.<\/p>\n<\/div><\/div>\t\t\t\t<\/div>\n\t\t\t\t<\/div>\n\t\t\t\t<div class=\"elementor-element elementor-element-64847eb elementor-widget elementor-widget-spacer\" data-id=\"64847eb\" data-element_type=\"widget\" data-widget_type=\"spacer.default\">\n\t\t\t\t\t\t\t<div class=\"elementor-spacer\">\n\t\t\t<div class=\"elementor-spacer-inner\"><\/div>\n\t\t<\/div>\n\t\t\t\t\t\t<\/div>\n\t\t<div class=\"elementor-element elementor-element-9294ea5 e-con-full e-flex e-con e-child\" data-id=\"9294ea5\" data-element_type=\"container\">\n\t\t<div class=\"elementor-element elementor-element-bcb9c29 e-con-full e-grid e-con e-child\" data-id=\"bcb9c29\" data-element_type=\"container\">\n\t\t<div class=\"elementor-element elementor-element-d8d2c86 e-con-full e-flex e-con e-child\" data-id=\"d8d2c86\" data-element_type=\"container\">\n\t\t\t\t<div class=\"elementor-element elementor-element-fe8c37a aleft elementor-widget elementor-widget-wgl-double-heading\" data-id=\"fe8c37a\" data-element_type=\"widget\" data-widget_type=\"wgl-double-heading.default\">\n\t\t\t\t<div class=\"elementor-widget-container\">\n\t\t\t\t\t<div class=\"wgl-double-heading\"><h3 class=\"dblh__title-wrapper\"><span class=\"dblh__title dblh__title-1\"><span>Coconut fat<\/span><\/span><\/h3><\/div>\t\t\t\t<\/div>\n\t\t\t\t<\/div>\n\t\t\t\t<div class=\"elementor-element elementor-element-9c8cb3b aleft elementor-widget elementor-widget-wgl-button\" data-id=\"9c8cb3b\" data-element_type=\"widget\" data-widget_type=\"wgl-button.default\">\n\t\t\t\t<div class=\"elementor-widget-container\">\n\t\t\t\t\t<a class=\"wgl-button  \" href=\"https:\/\/dev.rafsol.eu\/en\/quote-request\/\" role=\"button\"><div class=\"button__content\"><span class=\"button__text\">Get Quote<\/span><\/div><\/a>\t\t\t\t<\/div>\n\t\t\t\t<\/div>\n\t\t\t\t<\/div>\n\t\t\t\t<div class=\"elementor-element elementor-element-e41395c elementor-widget elementor-widget-text-editor\" data-id=\"e41395c\" data-element_type=\"widget\" data-widget_type=\"text-editor.default\">\n\t\t\t\t\t\t\t\t\t<p class=\"p1\"><strong>Packaging<br \/><\/strong>\u2022 Karton wy\u0142o\u017cony workiem HDPE, 10 kg, paleta 800 kg<\/p>\n\t\t\t\t\t\t\t\t<\/div>\n\t\t\t\t<\/div>\n\t\t<div class=\"elementor-element elementor-element-5390826 e-con-full e-grid e-con e-child\" data-id=\"5390826\" data-element_type=\"container\">\n\t\t<div class=\"elementor-element elementor-element-e01cd0f e-con-full e-flex e-con e-child\" data-id=\"e01cd0f\" data-element_type=\"container\">\n\t\t\t\t<div class=\"elementor-element elementor-element-22f587d aleft elementor-widget elementor-widget-wgl-double-heading\" data-id=\"22f587d\" data-element_type=\"widget\" data-widget_type=\"wgl-double-heading.default\">\n\t\t\t\t<div class=\"elementor-widget-container\">\n\t\t\t\t\t<div class=\"wgl-double-heading\"><h3 class=\"dblh__title-wrapper\"><span class=\"dblh__title dblh__title-1\"><span>Palm kernel fat<\/span><\/span><\/h3><\/div>\t\t\t\t<\/div>\n\t\t\t\t<\/div>\n\t\t\t\t<div class=\"elementor-element elementor-element-b4262b8 aleft elementor-widget elementor-widget-wgl-button\" data-id=\"b4262b8\" data-element_type=\"widget\" data-widget_type=\"wgl-button.default\">\n\t\t\t\t<div class=\"elementor-widget-container\">\n\t\t\t\t\t<a class=\"wgl-button  \" href=\"https:\/\/dev.rafsol.eu\/en\/quote-request\/\" role=\"button\"><div class=\"button__content\"><span class=\"button__text\">Get Quote<\/span><\/div><\/a>\t\t\t\t<\/div>\n\t\t\t\t<\/div>\n\t\t\t\t<\/div>\n\t\t\t\t<div class=\"elementor-element elementor-element-e3a6765 elementor-widget elementor-widget-text-editor\" data-id=\"e3a6765\" data-element_type=\"widget\" data-widget_type=\"text-editor.default\">\n\t\t\t\t\t\t\t\t\t<p class=\"p1\"><strong>Packaging<br \/><\/strong>\u2022 Karton wy\u0142o\u017cony workiem HDPE, 10 kg, paleta 800 kg<\/p>\n\t\t\t\t\t\t\t\t<\/div>\n\t\t\t\t<\/div>\n\t\t<div class=\"elementor-element elementor-element-4878a65 e-con-full e-grid e-con e-child\" data-id=\"4878a65\" data-element_type=\"container\">\n\t\t<div class=\"elementor-element elementor-element-c293668 e-con-full e-flex e-con e-child\" data-id=\"c293668\" data-element_type=\"container\">\n\t\t\t\t<div class=\"elementor-element elementor-element-5cd9aa0 aleft elementor-widget elementor-widget-wgl-double-heading\" data-id=\"5cd9aa0\" data-element_type=\"widget\" data-widget_type=\"wgl-double-heading.default\">\n\t\t\t\t<div class=\"elementor-widget-container\">\n\t\t\t\t\t<div class=\"wgl-double-heading\"><h3 class=\"dblh__title-wrapper\"><span class=\"dblh__title dblh__title-1\"><span>Coconut-palm fat<\/span><\/span><\/h3><\/div>\t\t\t\t<\/div>\n\t\t\t\t<\/div>\n\t\t\t\t<div class=\"elementor-element elementor-element-3415484 aleft elementor-widget elementor-widget-wgl-button\" data-id=\"3415484\" data-element_type=\"widget\" data-widget_type=\"wgl-button.default\">\n\t\t\t\t<div class=\"elementor-widget-container\">\n\t\t\t\t\t<a class=\"wgl-button  \" href=\"https:\/\/dev.rafsol.eu\/en\/quote-request\/\" role=\"button\"><div class=\"button__content\"><span class=\"button__text\">Get Quote<\/span><\/div><\/a>\t\t\t\t<\/div>\n\t\t\t\t<\/div>\n\t\t\t\t<\/div>\n\t\t\t\t<div class=\"elementor-element elementor-element-f27b11b elementor-widget elementor-widget-text-editor\" data-id=\"f27b11b\" data-element_type=\"widget\" data-widget_type=\"text-editor.default\">\n\t\t\t\t\t\t\t\t\t<p class=\"p1\"><strong>Packaging<br \/><\/strong>\u2022 Karton wy\u0142o\u017cony workiem HDPE, 10 kg, paleta 800 kg<\/p>\n\t\t\t\t\t\t\t\t<\/div>\n\t\t\t\t<\/div>\n\t\t\t\t<div class=\"elementor-element elementor-element-7e19de2 elementor-widget elementor-widget-spacer\" data-id=\"7e19de2\" data-element_type=\"widget\" data-widget_type=\"spacer.default\">\n\t\t\t\t\t\t\t<div class=\"elementor-spacer\">\n\t\t\t<div class=\"elementor-spacer-inner\"><\/div>\n\t\t<\/div>\n\t\t\t\t\t\t<\/div>\n\t\t\t\t<\/div>\n\t\t<div class=\"elementor-element elementor-element-9cc5d3a e-con-full e-flex e-con e-child\" data-id=\"9cc5d3a\" data-element_type=\"container\">\n\t\t<div class=\"elementor-element elementor-element-35248e0 e-con-full e-flex e-con e-child\" data-id=\"35248e0\" data-element_type=\"container\" data-settings=\"{&quot;background_background&quot;:&quot;classic&quot;}\">\n\t\t<div class=\"elementor-element elementor-element-64b1b77 e-con-full e-flex e-con e-child\" data-id=\"64b1b77\" data-element_type=\"container\">\n\t\t\t\t<div class=\"elementor-element elementor-element-b1e2d7c elementor-widget__width-initial aleft elementor-invisible elementor-widget elementor-widget-wgl-double-heading\" data-id=\"b1e2d7c\" data-element_type=\"widget\" data-settings=\"{&quot;_animation&quot;:&quot;wgl_fade_up&quot;,&quot;_animation_delay&quot;:50}\" data-widget_type=\"wgl-double-heading.default\">\n\t\t\t\t<div class=\"elementor-widget-container\">\n\t\t\t\t\t<div class=\"wgl-double-heading\"><h3 class=\"dblh__title-wrapper\"><span class=\"dblh__title dblh__title-1\"><span>Products also available with certificates<\/span><\/span><\/h3><\/div>\t\t\t\t<\/div>\n\t\t\t\t<\/div>\n\t\t\t\t<\/div>\n\t\t<div class=\"elementor-element elementor-element-35afedc e-con-full e-flex e-con e-child\" data-id=\"35afedc\" data-element_type=\"container\">\n\t\t\t\t<div class=\"elementor-element elementor-element-dd75aeb elementor-widget elementor-widget-image\" data-id=\"dd75aeb\" data-element_type=\"widget\" data-widget_type=\"image.default\">\n\t\t\t\t\t\t\t\t\t\t\t\t\t\t\t<img decoding=\"async\" src=\"https:\/\/dev.rafsol.eu\/wp-content\/uploads\/2025\/12\/Certyfikat-RSPO-Rafsol-Group-1.jpg\" title=\"\" alt=\"Certyfikat RSPO Rafsol Group olej palmowy\" loading=\"lazy\" \/>\t\t\t\t\t\t\t\t\t\t\t\t\t\t\t<\/div>\n\t\t\t\t<div class=\"elementor-element elementor-element-18b439e elementor-widget elementor-widget-image\" data-id=\"18b439e\" data-element_type=\"widget\" data-widget_type=\"image.default\">\n\t\t\t\t\t\t\t\t\t\t\t\t\t\t\t<img decoding=\"async\" src=\"https:\/\/dev.rafsol.eu\/wp-content\/uploads\/2025\/11\/Certyfikat-Kosher-Rafsol-Group.jpg\" title=\"\" alt=\"Certyfikat Kosher Rafsol Group\" loading=\"lazy\" \/>\t\t\t\t\t\t\t\t\t\t\t\t\t\t\t<\/div>\n\t\t\t\t<div class=\"elementor-element elementor-element-266cc7c elementor-widget elementor-widget-image\" data-id=\"266cc7c\" data-element_type=\"widget\" data-widget_type=\"image.default\">\n\t\t\t\t\t\t\t\t\t\t\t\t\t\t\t<img decoding=\"async\" src=\"https:\/\/dev.rafsol.eu\/wp-content\/uploads\/2025\/11\/Certyfikat-Halal-Rafsol-Group.jpg\" title=\"\" alt=\"Certyfikat Halal Rafsol Group\" loading=\"lazy\" \/>\t\t\t\t\t\t\t\t\t\t\t\t\t\t\t<\/div>\n\t\t\t\t<div class=\"elementor-element elementor-element-f33fd59 elementor-widget elementor-widget-image\" data-id=\"f33fd59\" data-element_type=\"widget\" data-widget_type=\"image.default\">\n\t\t\t\t\t\t\t\t\t\t\t\t\t\t\t<img decoding=\"async\" width=\"120\" height=\"80\" src=\"https:\/\/dev.rafsol.eu\/wp-content\/uploads\/2025\/12\/logo-bio-80h-1.jpg\" class=\"attachment-full size-full wp-image-8334\" alt=\"Certyfikat bio - oleje ro\u015blinne, t\u0142uszcze\" \/>\t\t\t\t\t\t\t\t\t\t\t\t\t\t\t<\/div>\n\t\t\t\t<\/div>\n\t\t\t\t<\/div>\n\t\t<div class=\"elementor-element elementor-element-81ae36a e-con-full e-flex e-con e-child\" data-id=\"81ae36a\" data-element_type=\"container\">\n\t\t\t\t<div class=\"elementor-element elementor-element-3fc2b09 elementor-widget elementor-widget-spacer\" data-id=\"3fc2b09\" data-element_type=\"widget\" data-widget_type=\"spacer.default\">\n\t\t\t\t\t\t\t<div class=\"elementor-spacer\">\n\t\t\t<div class=\"elementor-spacer-inner\"><\/div>\n\t\t<\/div>\n\t\t\t\t\t\t<\/div>\n\t\t\t\t<div class=\"elementor-element elementor-element-3aae690 elementor-widget__width-initial acenter elementor-invisible elementor-widget elementor-widget-wgl-double-heading\" data-id=\"3aae690\" data-element_type=\"widget\" data-settings=\"{&quot;_animation&quot;:&quot;wgl_fade_up&quot;,&quot;_animation_delay&quot;:50}\" data-widget_type=\"wgl-double-heading.default\">\n\t\t\t\t<div class=\"elementor-widget-container\">\n\t\t\t\t\t<div class=\"wgl-double-heading\"><h3 class=\"dblh__title-wrapper\"><span class=\"dblh__title dblh__title-1\"><span>Available in packaging<\/span><\/span><\/h3><\/div>\t\t\t\t<\/div>\n\t\t\t\t<\/div>\n\t\t<div class=\"elementor-element elementor-element-1d19c63 e-grid e-con-full e-con e-child\" data-id=\"1d19c63\" data-element_type=\"container\">\n\t\t\t\t<div class=\"elementor-element elementor-element-048cd04 acenter elementor-widget-image-box wgl-image-box wgl-view-default elementor-widget elementor-widget-wgl-infobox\" data-id=\"048cd04\" data-element_type=\"widget\" data-widget_type=\"wgl-infobox.default\">\n\t\t\t\t<div class=\"elementor-widget-container\">\n\t\t\t\t\t<div class=\"wgl-infobox_bg_wrapper\"><\/div><div class=\"wgl-infobox\"><div class=\"wgl-infobox_wrapper wgl-layout-top\"><div class=\"wgl-infobox-media_wrapper\"><span class=\"media-wrapper img-wrapper\"><span class=\"wgl-image-box_img\"><span ><img decoding=\"async\" src=\"https:\/\/dev.rafsol.eu\/wp-content\/uploads\/2025\/12\/ikony_kontur_46-96x96.png\" title=\"ikony_kontur_46\" alt=\"ikony_kontur_46\" loading=\"lazy\" \/><\/span><\/span><\/span><\/div><div class=\"content_wrapper\"><div class=\"wgl-infobox-title_wrapper\"><h4 class=\"wgl-infobox_title\"><span class=\"wgl-infobox_title-idle\"><span class=\"elementor-repeater-item-8647f0a\">Karton wy\u0142o\u017cony workiem HDPE, 10 kg<\/span><\/span><\/h4><\/div><div class=\"wgl-infobox-content_wrapper\"><div class=\"wgl-infobox-content\"><p class=\"p1\">Paleta 800 kg<\/p>\n<\/div><\/div><\/div><\/div><\/div>\t\t\t\t<\/div>\n\t\t\t\t<\/div>\n\t\t\t\t<\/div>\n\t\t\t\t<\/div>\n\t\t\t\t<div class=\"elementor-element elementor-element-f961acd elementor-widget elementor-widget-spacer\" data-id=\"f961acd\" data-element_type=\"widget\" id=\"marki-wlasne\" data-widget_type=\"spacer.default\">\n\t\t\t\t\t\t\t<div class=\"elementor-spacer\">\n\t\t\t<div class=\"elementor-spacer-inner\"><\/div>\n\t\t<\/div>\n\t\t\t\t\t\t<\/div>\n\t\t\t\t<\/div>\n\t\t\t\t\t<\/div>\n\t\t\t\t<\/div>\n\t\t<div class=\"elementor-element elementor-element-4497b1f e-flex e-con-boxed e-con e-parent\" data-id=\"4497b1f\" data-element_type=\"container\" data-settings=\"{&quot;background_background&quot;:&quot;classic&quot;}\">\n\t\t\t\t\t<div class=\"e-con-inner\">\n\t\t<div class=\"elementor-element elementor-element-3aada1c e-con-full e-flex e-con e-child\" data-id=\"3aada1c\" data-element_type=\"container\" data-settings=\"{&quot;background_background&quot;:&quot;classic&quot;}\">\n\t\t\t\t<div class=\"elementor-element elementor-element-04eb878 aright elementor-absolute elementor-widget elementor-widget-wgl-button\" data-id=\"04eb878\" data-element_type=\"widget\" data-settings=\"{&quot;_position&quot;:&quot;absolute&quot;}\" data-widget_type=\"wgl-button.default\">\n\t\t\t\t<div class=\"elementor-widget-container\">\n\t\t\t\t\t<a class=\"wgl-button  \" href=\"#\" role=\"button\"><div class=\"button__content\"><span class=\"button__text\">Create a PRIVATE LABEL with Rafsol Group<\/span><\/div><\/a>\t\t\t\t<\/div>\n\t\t\t\t<\/div>\n\t\t\t\t<\/div>\n\t\t<div class=\"elementor-element elementor-element-15d1cd3 e-con-full e-flex e-con e-child\" data-id=\"15d1cd3\" data-element_type=\"container\">\n\t\t<div class=\"elementor-element elementor-element-3428192 e-flex e-con-boxed e-con e-child\" data-id=\"3428192\" data-element_type=\"container\">\n\t\t\t\t\t<div class=\"e-con-inner\">\n\t\t\t\t<div class=\"elementor-element elementor-element-e4a1138 aleft elementor-invisible elementor-widget elementor-widget-wgl-double-heading\" data-id=\"e4a1138\" data-element_type=\"widget\" data-settings=\"{&quot;_animation&quot;:&quot;wgl_fade_up&quot;}\" data-widget_type=\"wgl-double-heading.default\">\n\t\t\t\t<div class=\"elementor-widget-container\">\n\t\t\t\t\t<div class=\"wgl-double-heading\"><h2 class=\"dblh__title-wrapper\"><span class=\"dblh__title dblh__title-1\"><span>We create private labels<\/span><\/span><\/h2><div class=\"dblh__content\"><p>We specialize in comprehensive private label creation \u2013 from concept and design, through ingredient and packaging selection, to final production. We handle both small and large orders, adapting every element to the client's needs and expectations.<\/p>\n<blockquote>\n<p>If you are looking for a partner to help you create a unique product under your brand \u2013 we are at your disposal.<\/p>\n<\/blockquote>\n<\/div><\/div>\t\t\t\t<\/div>\n\t\t\t\t<\/div>\n\t\t\t\t\t<\/div>\n\t\t\t\t<\/div>\n\t\t\t\t<\/div>\n\t\t\t\t\t<\/div>\n\t\t\t\t<\/div>\n\t\t\t\t<\/div>\n\t\t","protected":false},"excerpt":{"rendered":"<p>T\u0142uszcz kokosowy, z ziaren palmowych i ich mieszanki Private labels T\u0142uszcze do produkcji lod\u00f3w i wafli T\u0142uszcz kokosowy, z ziaren palmowych i ich mieszanki T\u0142uszcze do lod\u00f3w i wafelk\u00f3w to gama rozwi\u0105za\u0144 stworzonych z my\u015bl\u0105 o obni\u017ceniu koszt\u00f3w produkcji przy jednoczesnym zachowaniu najwy\u017cszej jako\u015bci organoleptycznej \u2013 odpowiedniej tekstury oraz atrakcyjnego smaku. Oferujemy szeroki wyb\u00f3r surowc\u00f3w, [&hellip;]<\/p>\n","protected":false},"author":1,"featured_media":0,"parent":8311,"menu_order":0,"comment_status":"closed","ping_status":"closed","template":"","meta":{"footnotes":""},"class_list":["post-8337","page","type-page","status-publish","hentry"],"_links":{"self":[{"href":"https:\/\/dev.rafsol.eu\/en\/wp-json\/wp\/v2\/pages\/8337","targetHints":{"allow":["GET"]}}],"collection":[{"href":"https:\/\/dev.rafsol.eu\/en\/wp-json\/wp\/v2\/pages"}],"about":[{"href":"https:\/\/dev.rafsol.eu\/en\/wp-json\/wp\/v2\/types\/page"}],"author":[{"embeddable":true,"href":"https:\/\/dev.rafsol.eu\/en\/wp-json\/wp\/v2\/users\/1"}],"replies":[{"embeddable":true,"href":"https:\/\/dev.rafsol.eu\/en\/wp-json\/wp\/v2\/comments?post=8337"}],"version-history":[{"count":16,"href":"https:\/\/dev.rafsol.eu\/en\/wp-json\/wp\/v2\/pages\/8337\/revisions"}],"predecessor-version":[{"id":8962,"href":"https:\/\/dev.rafsol.eu\/en\/wp-json\/wp\/v2\/pages\/8337\/revisions\/8962"}],"up":[{"embeddable":true,"href":"https:\/\/dev.rafsol.eu\/en\/wp-json\/wp\/v2\/pages\/8311"}],"wp:attachment":[{"href":"https:\/\/dev.rafsol.eu\/en\/wp-json\/wp\/v2\/media?parent=8337"}],"curies":[{"name":"wp","href":"https:\/\/api.w.org\/{rel}","templated":true}]}}